{"id":25517,"date":"2020-02-05T13:25:53","date_gmt":"2020-02-05T12:25:53","guid":{"rendered":"http:\/\/localhost:8888\/dakotaliving\/thermo-wood\/ipe\/"},"modified":"2021-04-27T09:39:52","modified_gmt":"2021-04-27T07:39:52","slug":"ipe","status":"publish","type":"page","link":"https:\/\/dakotaliving.eu\/en\/ipe\/","title":{"rendered":"Ip\u00e8"},"content":{"rendered":"\t\t<div data-elementor-type=\"wp-page\" data-elementor-id=\"25517\" class=\"elementor elementor-25517 elementor-24652\" data-elementor-settings=\"[]\">\n\t\t\t\t\t\t<div class=\"elementor-inner\">\n\t\t\t\t\t\t\t<div class=\"elementor-section-wrap\">\n\t\t\t\t\t\t\t<section class=\"elementor-section elementor-top-section elementor-element elementor-element-3d667f0e elementor-section-full_width elementor-section-height-default elementor-section-height-default neuron-fixed-no\" data-id=\"3d667f0e\" data-element_type=\"section\" data-settings=\"{&quot;background_background&quot;:&quot;classic&quot;}\">\n\t\t\t\t\t\t<div class=\"elementor-container elementor-column-gap-no\">\n\t\t\t\t\t\t\t<div class=\"elementor-row\">\n\t\t\t\t\t<div class=\"elementor-column elementor-col-100 elementor-top-column elementor-element elementor-element-595cc2e2\" data-id=\"595cc2e2\" data-element_type=\"column\">\n\t\t\t<div class=\"elementor-column-wrap elementor-element-populated\">\n\t\t\t\t\t\t\t<div class=\"elementor-widget-wrap\">\n\t\t\t\t\t\t<div class=\"elementor-element elementor-element-678473b3 elementor-widget elementor-widget-spacer\" data-id=\"678473b3\" data-element_type=\"widget\" data-widget_type=\"spacer.default\">\n\t\t\t\t<div class=\"elementor-widget-container\">\n\t\t\t\t\t<div class=\"elementor-spacer\">\n\t\t\t<div class=\"elementor-spacer-inner\"><\/div>\n\t\t<\/div>\n\t\t\t\t<\/div>\n\t\t\t\t<\/div>\n\t\t\t\t\t\t<\/div>\n\t\t\t\t\t<\/div>\n\t\t<\/div>\n\t\t\t\t\t\t\t\t<\/div>\n\t\t\t\t\t<\/div>\n\t\t<\/section>\n\t\t\t\t<section class=\"elementor-section elementor-top-section elementor-element elementor-element-31d7ab4 elementor-section-boxed elementor-section-height-default elementor-section-height-default neuron-fixed-no\" data-id=\"31d7ab4\" data-element_type=\"section\">\n\t\t\t\t\t\t<div class=\"elementor-container elementor-column-gap-default\">\n\t\t\t\t\t\t\t<div class=\"elementor-row\">\n\t\t\t\t\t<div class=\"elementor-column elementor-col-100 elementor-top-column elementor-element elementor-element-55a695ce\" data-id=\"55a695ce\" data-element_type=\"column\">\n\t\t\t<div class=\"elementor-column-wrap elementor-element-populated\">\n\t\t\t\t\t\t\t<div class=\"elementor-widget-wrap\">\n\t\t\t\t\t\t<div class=\"elementor-element elementor-element-61df0734 elementor-invisible elementor-widget elementor-widget-heading\" data-id=\"61df0734\" data-element_type=\"widget\" data-settings=\"{&quot;_animation&quot;:&quot;zoomIn&quot;,&quot;_animation_delay&quot;:250}\" data-widget_type=\"heading.default\">\n\t\t\t\t<div class=\"elementor-widget-container\">\n\t\t\t<h2 class=\"elementor-heading-title elementor-size-default\">ip\u00e8 lapacho<\/h2>\t\t<\/div>\n\t\t\t\t<\/div>\n\t\t\t\t<section class=\"elementor-section elementor-inner-section elementor-element elementor-element-5409fc5 elementor-section-boxed elementor-section-height-default elementor-section-height-default neuron-fixed-no\" data-id=\"5409fc5\" data-element_type=\"section\">\n\t\t\t\t\t\t<div class=\"elementor-container elementor-column-gap-default\">\n\t\t\t\t\t\t\t<div class=\"elementor-row\">\n\t\t\t\t\t<div class=\"elementor-column elementor-col-33 elementor-inner-column elementor-element elementor-element-8d06851\" data-id=\"8d06851\" data-element_type=\"column\">\n\t\t\t<div class=\"elementor-column-wrap\">\n\t\t\t\t\t\t\t<div class=\"elementor-widget-wrap\">\n\t\t\t\t\t\t\t\t<\/div>\n\t\t\t\t\t<\/div>\n\t\t<\/div>\n\t\t\t\t<div class=\"elementor-column elementor-col-33 elementor-inner-column elementor-element elementor-element-656ca19\" data-id=\"656ca19\" data-element_type=\"column\">\n\t\t\t<div class=\"elementor-column-wrap elementor-element-populated\">\n\t\t\t\t\t\t\t<div class=\"elementor-widget-wrap\">\n\t\t\t\t\t\t<div class=\"elementor-element elementor-element-8d1702c elementor-widget elementor-widget-image-swap\" data-id=\"8d1702c\" data-element_type=\"widget\" data-widget_type=\"image-swap.default\">\n\t\t\t\t<div class=\"elementor-widget-container\">\n\t\t\t\r\n\t\t<div class=\"ih-item square effect7\" style=\"box-shadow: none; background: ;\">\r\n\t\t\t\t\t\t\t\t\t\t<a>\r\n\t\t\t\t\t      <div class=\"img\">\r\n\t\t      \t<img width=\"800\" height=\"604\" src=\"https:\/\/dakotaliving.eu\/wp-content\/uploads\/2021\/04\/dakota-living-prodotto-ipe.jpg\" class=\"attachment-full size-full\" alt=\"\" loading=\"lazy\" srcset=\"https:\/\/dakotaliving.eu\/wp-content\/uploads\/2021\/04\/dakota-living-prodotto-ipe.jpg 800w, https:\/\/dakotaliving.eu\/wp-content\/uploads\/2021\/04\/dakota-living-prodotto-ipe-300x227.jpg 300w, https:\/\/dakotaliving.eu\/wp-content\/uploads\/2021\/04\/dakota-living-prodotto-ipe-768x580.jpg 768w, https:\/\/dakotaliving.eu\/wp-content\/uploads\/2021\/04\/dakota-living-prodotto-ipe-16x12.jpg 16w, https:\/\/dakotaliving.eu\/wp-content\/uploads\/2021\/04\/dakota-living-prodotto-ipe-36x27.jpg 36w, https:\/\/dakotaliving.eu\/wp-content\/uploads\/2021\/04\/dakota-living-prodotto-ipe-48x36.jpg 48w\" sizes=\"(max-width: 800px) 100vw, 800px\" \/>\t\t      <\/div>\r\n\t\t      <div class=\"info\" style=\"opacity: 1 !important;\">\r\n\t\t\t\t    <img width=\"800\" height=\"604\" src=\"https:\/\/dakotaliving.eu\/wp-content\/uploads\/2021\/04\/dakota-living-prodotto-ipe.jpg\" class=\"attachment-full size-full\" alt=\"\" loading=\"lazy\" srcset=\"https:\/\/dakotaliving.eu\/wp-content\/uploads\/2021\/04\/dakota-living-prodotto-ipe.jpg 800w, https:\/\/dakotaliving.eu\/wp-content\/uploads\/2021\/04\/dakota-living-prodotto-ipe-300x227.jpg 300w, https:\/\/dakotaliving.eu\/wp-content\/uploads\/2021\/04\/dakota-living-prodotto-ipe-768x580.jpg 768w, https:\/\/dakotaliving.eu\/wp-content\/uploads\/2021\/04\/dakota-living-prodotto-ipe-16x12.jpg 16w, https:\/\/dakotaliving.eu\/wp-content\/uploads\/2021\/04\/dakota-living-prodotto-ipe-36x27.jpg 36w, https:\/\/dakotaliving.eu\/wp-content\/uploads\/2021\/04\/dakota-living-prodotto-ipe-48x36.jpg 48w\" sizes=\"(max-width: 800px) 100vw, 800px\" \/>\t\t      <\/div>\r\n\t\t    <\/a>\r\n\t\t<\/div>\t\r\n\t\t\t\t<\/div>\n\t\t\t\t<\/div>\n\t\t\t\t<div class=\"elementor-element elementor-element-6b64897b elementor-widget elementor-widget-text-editor\" data-id=\"6b64897b\" data-element_type=\"widget\" data-widget_type=\"text-editor.default\">\n\t\t\t\t<div class=\"elementor-widget-container\">\n\t\t\t\t\t\t\t\t<div class=\"elementor-text-editor elementor-clearfix\">\n\t\t\t\t<h5>ip\u00e8<\/h5>\n<p>Exotic wood ideal for destinations<br \/>\nfor commercial or public use.<\/p>\n\t\t\t\t\t<\/div>\n\t\t\t\t\t\t<\/div>\n\t\t\t\t<\/div>\n\t\t\t\t\t\t<\/div>\n\t\t\t\t\t<\/div>\n\t\t<\/div>\n\t\t\t\t<div class=\"elementor-column elementor-col-33 elementor-inner-column elementor-element elementor-element-1526fb9\" data-id=\"1526fb9\" data-element_type=\"column\">\n\t\t\t<div class=\"elementor-column-wrap\">\n\t\t\t\t\t\t\t<div class=\"elementor-widget-wrap\">\n\t\t\t\t\t\t\t\t<\/div>\n\t\t\t\t\t<\/div>\n\t\t<\/div>\n\t\t\t\t\t\t\t\t<\/div>\n\t\t\t\t\t<\/div>\n\t\t<\/section>\n\t\t\t\t\t\t<\/div>\n\t\t\t\t\t<\/div>\n\t\t<\/div>\n\t\t\t\t\t\t\t\t<\/div>\n\t\t\t\t\t<\/div>\n\t\t<\/section>\n\t\t\t\t<section class=\"elementor-section elementor-top-section elementor-element elementor-element-8a546a7 elementor-section-content-middle elementor-section-boxed elementor-section-height-default elementor-section-height-default neuron-fixed-no\" data-id=\"8a546a7\" data-element_type=\"section\">\n\t\t\t\t\t\t<div class=\"elementor-container elementor-column-gap-default\">\n\t\t\t\t\t\t\t<div class=\"elementor-row\">\n\t\t\t\t\t<div class=\"elementor-column elementor-col-33 elementor-top-column elementor-element elementor-element-6f4f3a6a animated-slow elementor-invisible\" data-id=\"6f4f3a6a\" data-element_type=\"column\" data-settings=\"{&quot;animation&quot;:&quot;fadeInUp&quot;,&quot;animation_delay&quot;:150}\">\n\t\t\t<div class=\"elementor-column-wrap\">\n\t\t\t\t\t\t\t<div class=\"elementor-widget-wrap\">\n\t\t\t\t\t\t\t\t<\/div>\n\t\t\t\t\t<\/div>\n\t\t<\/div>\n\t\t\t\t<div class=\"elementor-column elementor-col-33 elementor-top-column elementor-element elementor-element-6ee2bbf5 elementor-invisible\" data-id=\"6ee2bbf5\" data-element_type=\"column\" data-settings=\"{&quot;animation&quot;:&quot;fadeInUp&quot;,&quot;animation_delay&quot;:250}\">\n\t\t\t<div class=\"elementor-column-wrap elementor-element-populated\">\n\t\t\t\t\t\t\t<div class=\"elementor-widget-wrap\">\n\t\t\t\t\t\t<div class=\"elementor-element elementor-element-3c01c253 elementor-widget elementor-widget-heading\" data-id=\"3c01c253\" data-element_type=\"widget\" data-widget_type=\"heading.default\">\n\t\t\t\t<div class=\"elementor-widget-container\">\n\t\t\t<h2 class=\"elementor-heading-title elementor-size-default\">Features<\/h2>\t\t<\/div>\n\t\t\t\t<\/div>\n\t\t\t\t<div class=\"elementor-element elementor-element-27ef6253 elementor-widget elementor-widget-text-editor\" data-id=\"27ef6253\" data-element_type=\"widget\" data-widget_type=\"text-editor.default\">\n\t\t\t\t<div class=\"elementor-widget-container\">\n\t\t\t\t\t\t\t\t<div class=\"elementor-text-editor elementor-clearfix\">\n\t\t\t\t<div class=\"page\" title=\"Page 12\">\n<div class=\"section\">\n<div class=\"layoutArea\">\n<div class=\"column\">\n<p>Ipe\u0300 Lapacho is the most widely used wooden essence for exterior wood flooring. It can be used for small or large environments, subjected to moderate or heavy footfall, ideal for commercial or public use.<\/p>\n<p>Ipe\u0300 Lapacho takes on a varied color with tones of intense, reddish brown and olive green, with light and dark grain, which, when finished, give it a pleasant natural effect.<br \/>\nThe laying of the slats for the flooring is carried out in floating mode with a substructure consisting of aluminum or thermotreated wood strips and stainless steel retractable clips (or screws with a full-color curtain).<\/p>\n<p>It is a highly appreciated essence for its extraordinary strength and flexibility, and guarantees high standard of performance in any outdoor use.<\/p>\n<\/div>\n<\/div>\n<\/div>\n<\/div>\n\t\t\t\t\t<\/div>\n\t\t\t\t\t\t<\/div>\n\t\t\t\t<\/div>\n\t\t\t\t<div class=\"elementor-element elementor-element-88693f0 elementor-widget elementor-widget-text-editor\" data-id=\"88693f0\" data-element_type=\"widget\" data-widget_type=\"text-editor.default\">\n\t\t\t\t<div class=\"elementor-widget-container\">\n\t\t\t\t\t\t\t\t<div class=\"elementor-text-editor elementor-clearfix\">\n\t\t\t\t<p><a class=\"download-button-link\" href=\"https:\/\/dakotaliving.eu\/en\/download\/\" target=\"_blank\" rel=\"noopener\">Download Technical Sheets<\/a><\/p>\n\t\t\t\t\t<\/div>\n\t\t\t\t\t\t<\/div>\n\t\t\t\t<\/div>\n\t\t\t\t\t\t<\/div>\n\t\t\t\t\t<\/div>\n\t\t<\/div>\n\t\t\t\t<div class=\"elementor-column elementor-col-33 elementor-top-column elementor-element elementor-element-3f1aec82\" data-id=\"3f1aec82\" data-element_type=\"column\">\n\t\t\t<div class=\"elementor-column-wrap\">\n\t\t\t\t\t\t\t<div class=\"elementor-widget-wrap\">\n\t\t\t\t\t\t\t\t<\/div>\n\t\t\t\t\t<\/div>\n\t\t<\/div>\n\t\t\t\t\t\t\t\t<\/div>\n\t\t\t\t\t<\/div>\n\t\t<\/section>\n\t\t\t\t\t\t<\/div>\n\t\t\t\t\t\t<\/div>\n\t\t\t\t\t<\/div>\n\t\t","protected":false},"excerpt":{"rendered":"<p>ip\u00e8 lapacho ip\u00e8 Exotic wood ideal for destinations for commercial or public use. Features Ipe\u0300 Lapacho is the&#8230;<\/p>\n","protected":false},"author":1,"featured_media":0,"parent":0,"menu_order":0,"comment_status":"closed","ping_status":"closed","template":"","meta":[],"acf":[],"yoast_head":"<!-- This site is optimized with the Yoast SEO plugin v19.5.1 - https:\/\/yoast.com\/wordpress\/plugins\/seo\/ -->\n<title>Ip\u00e8 - Dakota Living<\/title>\n<meta name=\"robots\" content=\"index, follow, max-snippet:-1, max-image-preview:large, max-video-preview:-1\" \/>\n<link rel=\"canonical\" href=\"https:\/\/dakotaliving.eu\/en\/ipe\/\" \/>\n<meta property=\"og:locale\" content=\"en_US\" \/>\n<meta property=\"og:type\" content=\"article\" \/>\n<meta property=\"og:title\" content=\"Ip\u00e8 - Dakota Living\" \/>\n<meta property=\"og:description\" content=\"ip\u00e8 lapacho ip\u00e8 Exotic wood ideal for destinations for commercial or public use. Features Ipe\u0300 Lapacho is the...\" \/>\n<meta property=\"og:url\" content=\"https:\/\/dakotaliving.eu\/en\/ipe\/\" \/>\n<meta property=\"og:site_name\" content=\"Dakota Living\" \/>\n<meta property=\"article:modified_time\" content=\"2021-04-27T07:39:52+00:00\" \/>\n<meta property=\"og:image\" content=\"https:\/\/dakotaliving.eu\/wp-content\/uploads\/2021\/04\/dakota-living-prodotto-ipe.jpg\" \/>\n<meta name=\"twitter:card\" content=\"summary_large_image\" \/>\n<meta name=\"twitter:label1\" content=\"Est. reading time\" \/>\n\t<meta name=\"twitter:data1\" content=\"1 minute\" \/>\n<script type=\"application\/ld+json\" class=\"yoast-schema-graph\">{\"@context\":\"https:\/\/schema.org\",\"@graph\":[{\"@type\":\"WebPage\",\"@id\":\"https:\/\/dakotaliving.eu\/en\/ipe\/\",\"url\":\"https:\/\/dakotaliving.eu\/en\/ipe\/\",\"name\":\"Ip\u00e8 - Dakota Living\",\"isPartOf\":{\"@id\":\"https:\/\/dakotaliving.eu\/#website\"},\"datePublished\":\"2020-02-05T12:25:53+00:00\",\"dateModified\":\"2021-04-27T07:39:52+00:00\",\"breadcrumb\":{\"@id\":\"https:\/\/dakotaliving.eu\/en\/ipe\/#breadcrumb\"},\"inLanguage\":\"en-US\",\"potentialAction\":[{\"@type\":\"ReadAction\",\"target\":[\"https:\/\/dakotaliving.eu\/en\/ipe\/\"]}]},{\"@type\":\"BreadcrumbList\",\"@id\":\"https:\/\/dakotaliving.eu\/en\/ipe\/#breadcrumb\",\"itemListElement\":[{\"@type\":\"ListItem\",\"position\":1,\"name\":\"Home\",\"item\":\"https:\/\/dakotaliving.eu\/en\/\"},{\"@type\":\"ListItem\",\"position\":2,\"name\":\"Ip\u00e8\"}]},{\"@type\":\"WebSite\",\"@id\":\"https:\/\/dakotaliving.eu\/#website\",\"url\":\"https:\/\/dakotaliving.eu\/\",\"name\":\"Dakota Living\",\"description\":\"\",\"potentialAction\":[{\"@type\":\"SearchAction\",\"target\":{\"@type\":\"EntryPoint\",\"urlTemplate\":\"https:\/\/dakotaliving.eu\/?s={search_term_string}\"},\"query-input\":\"required name=search_term_string\"}],\"inLanguage\":\"en-US\"}]}<\/script>\n<!-- \/ Yoast SEO plugin. -->","yoast_head_json":{"title":"Ip\u00e8 - Dakota Living","robots":{"index":"index","follow":"follow","max-snippet":"max-snippet:-1","max-image-preview":"max-image-preview:large","max-video-preview":"max-video-preview:-1"},"canonical":"https:\/\/dakotaliving.eu\/en\/ipe\/","og_locale":"en_US","og_type":"article","og_title":"Ip\u00e8 - Dakota Living","og_description":"ip\u00e8 lapacho ip\u00e8 Exotic wood ideal for destinations for commercial or public use. Features Ipe\u0300 Lapacho is the...","og_url":"https:\/\/dakotaliving.eu\/en\/ipe\/","og_site_name":"Dakota Living","article_modified_time":"2021-04-27T07:39:52+00:00","og_image":[{"url":"https:\/\/dakotaliving.eu\/wp-content\/uploads\/2021\/04\/dakota-living-prodotto-ipe.jpg"}],"twitter_card":"summary_large_image","twitter_misc":{"Est. reading time":"1 minute"},"schema":{"@context":"https:\/\/schema.org","@graph":[{"@type":"WebPage","@id":"https:\/\/dakotaliving.eu\/en\/ipe\/","url":"https:\/\/dakotaliving.eu\/en\/ipe\/","name":"Ip\u00e8 - Dakota Living","isPartOf":{"@id":"https:\/\/dakotaliving.eu\/#website"},"datePublished":"2020-02-05T12:25:53+00:00","dateModified":"2021-04-27T07:39:52+00:00","breadcrumb":{"@id":"https:\/\/dakotaliving.eu\/en\/ipe\/#breadcrumb"},"inLanguage":"en-US","potentialAction":[{"@type":"ReadAction","target":["https:\/\/dakotaliving.eu\/en\/ipe\/"]}]},{"@type":"BreadcrumbList","@id":"https:\/\/dakotaliving.eu\/en\/ipe\/#breadcrumb","itemListElement":[{"@type":"ListItem","position":1,"name":"Home","item":"https:\/\/dakotaliving.eu\/en\/"},{"@type":"ListItem","position":2,"name":"Ip\u00e8"}]},{"@type":"WebSite","@id":"https:\/\/dakotaliving.eu\/#website","url":"https:\/\/dakotaliving.eu\/","name":"Dakota Living","description":"","potentialAction":[{"@type":"SearchAction","target":{"@type":"EntryPoint","urlTemplate":"https:\/\/dakotaliving.eu\/?s={search_term_string}"},"query-input":"required name=search_term_string"}],"inLanguage":"en-US"}]}},"_links":{"self":[{"href":"https:\/\/dakotaliving.eu\/en\/wp-json\/wp\/v2\/pages\/25517"}],"collection":[{"href":"https:\/\/dakotaliving.eu\/en\/wp-json\/wp\/v2\/pages"}],"about":[{"href":"https:\/\/dakotaliving.eu\/en\/wp-json\/wp\/v2\/types\/page"}],"author":[{"embeddable":true,"href":"https:\/\/dakotaliving.eu\/en\/wp-json\/wp\/v2\/users\/1"}],"replies":[{"embeddable":true,"href":"https:\/\/dakotaliving.eu\/en\/wp-json\/wp\/v2\/comments?post=25517"}],"version-history":[{"count":13,"href":"https:\/\/dakotaliving.eu\/en\/wp-json\/wp\/v2\/pages\/25517\/revisions"}],"predecessor-version":[{"id":27744,"href":"https:\/\/dakotaliving.eu\/en\/wp-json\/wp\/v2\/pages\/25517\/revisions\/27744"}],"wp:attachment":[{"href":"https:\/\/dakotaliving.eu\/en\/wp-json\/wp\/v2\/media?parent=25517"}],"curies":[{"name":"wp","href":"https:\/\/api.w.org\/{rel}","templated":true}]}}